{"id":48,"date":"2023-06-06T11:45:34","date_gmt":"2023-06-06T09:45:34","guid":{"rendered":"http:\/\/lesamisdelaferme.be\/?page_id=48"},"modified":"2024-05-01T02:23:43","modified_gmt":"2024-05-01T00:23:43","slug":"nos-evenements","status":"publish","type":"page","link":"https:\/\/lesamisdelaferme.be\/index.php\/nos-evenements\/","title":{"rendered":"Nos \u00e9v\u00e9nements"},"content":{"rendered":"\n<p>A venir:<\/p>\n\n\n\n<p><\/p>\n\n\n\n<p>La Guinguette 2024 &#8211; samedi 6 juillet !!!!<\/p>\n\n\n\n<p><\/p>\n\n\n\n<p>Voici nos \u00e9v\u00e9nements d\u00e9j\u00e0 r\u00e9alis\u00e9s:<\/p>\n\n\n\n<p>P\u00e2ques 2024 &#8211; 30 mars 2024 <\/p>\n\n\n\n<figure class=\"wp-block-image size-full\"><img loading=\"lazy\" decoding=\"async\" width=\"566\" height=\"800\" src=\"http:\/\/lesamisdelaferme.be\/wp-content\/uploads\/2024\/03\/Paques2024_light.png\" alt=\"\" class=\"wp-image-84\" srcset=\"https:\/\/lesamisdelaferme.be\/wp-content\/uploads\/2024\/03\/Paques2024_light.png 566w, https:\/\/lesamisdelaferme.be\/wp-content\/uploads\/2024\/03\/Paques2024_light-212x300.png 212w\" sizes=\"auto, (max-width: 566px) 100vw, 566px\" \/><\/figure>\n\n\n\n<p>28 Octobre &#8211; Halloween 2023<\/p>\n\n\n\n<figure class=\"wp-block-image size-large\"><img loading=\"lazy\" decoding=\"async\" width=\"724\" height=\"1024\" src=\"https:\/\/lesamisdelaferme.be\/wp-content\/uploads\/2023\/10\/final-724x1024.png\" alt=\"\" class=\"wp-image-77\" srcset=\"https:\/\/lesamisdelaferme.be\/wp-content\/uploads\/2023\/10\/final-724x1024.png 724w, https:\/\/lesamisdelaferme.be\/wp-content\/uploads\/2023\/10\/final-212x300.png 212w, https:\/\/lesamisdelaferme.be\/wp-content\/uploads\/2023\/10\/final-768x1086.png 768w, https:\/\/lesamisdelaferme.be\/wp-content\/uploads\/2023\/10\/final-1086x1536.png 1086w, https:\/\/lesamisdelaferme.be\/wp-content\/uploads\/2023\/10\/final-1448x2048.png 1448w, https:\/\/lesamisdelaferme.be\/wp-content\/uploads\/2023\/10\/final-676x956.png 676w\" sizes=\"auto, (max-width: 724px) 100vw, 724px\" \/><\/figure>\n\n\n\n<p><\/p>\n\n\n\n<p>Juillet 2023 &#8211; La p&rsquo;tite guinguette<\/p>\n\n\n\n<figure class=\"wp-block-image size-full\"><img loading=\"lazy\" decoding=\"async\" width=\"600\" height=\"800\" src=\"http:\/\/lesamisdelaferme.be\/wp-content\/uploads\/2023\/06\/guingette_beez_2023_final_tiny.png\" alt=\"\" class=\"wp-image-56\" srcset=\"https:\/\/lesamisdelaferme.be\/wp-content\/uploads\/2023\/06\/guingette_beez_2023_final_tiny.png 600w, https:\/\/lesamisdelaferme.be\/wp-content\/uploads\/2023\/06\/guingette_beez_2023_final_tiny-225x300.png 225w\" sizes=\"auto, (max-width: 600px) 100vw, 600px\" \/><\/figure>\n\n\n\n<p><\/p>\n\n\n\n<p>Avril 2023 &#8211; Chasse aux oeufs \u00e0 la ferme de Beez<\/p>\n\n\n\n<figure class=\"wp-block-image size-large is-resized\"><img loading=\"lazy\" decoding=\"async\" width=\"722\" height=\"1024\" src=\"http:\/\/lesamisdelaferme.be\/wp-content\/uploads\/2023\/06\/chasseauxoeufs-722x1024.jpg\" alt=\"\" class=\"wp-image-49\" style=\"width:418px;height:592px\" srcset=\"https:\/\/lesamisdelaferme.be\/wp-content\/uploads\/2023\/06\/chasseauxoeufs-722x1024.jpg 722w, https:\/\/lesamisdelaferme.be\/wp-content\/uploads\/2023\/06\/chasseauxoeufs-212x300.jpg 212w, https:\/\/lesamisdelaferme.be\/wp-content\/uploads\/2023\/06\/chasseauxoeufs-768x1089.jpg 768w, https:\/\/lesamisdelaferme.be\/wp-content\/uploads\/2023\/06\/chasseauxoeufs-676x958.jpg 676w, https:\/\/lesamisdelaferme.be\/wp-content\/uploads\/2023\/06\/chasseauxoeufs.jpg 843w\" sizes=\"auto, (max-width: 722px) 100vw, 722px\" \/><\/figure>\n\n\n\n<p>Octobre 2022 &#8211; Halloween 2022<\/p>\n\n\n\n<figure class=\"wp-block-image size-large is-resized\"><img loading=\"lazy\" decoding=\"async\" width=\"659\" height=\"1024\" src=\"http:\/\/lesamisdelaferme.be\/wp-content\/uploads\/2023\/06\/halloween-659x1024.jpg\" alt=\"\" class=\"wp-image-50\" style=\"width:427px;height:663px\" srcset=\"https:\/\/lesamisdelaferme.be\/wp-content\/uploads\/2023\/06\/halloween-659x1024.jpg 659w, https:\/\/lesamisdelaferme.be\/wp-content\/uploads\/2023\/06\/halloween-193x300.jpg 193w, https:\/\/lesamisdelaferme.be\/wp-content\/uploads\/2023\/06\/halloween-768x1193.jpg 768w, https:\/\/lesamisdelaferme.be\/wp-content\/uploads\/2023\/06\/halloween-676x1050.jpg 676w, https:\/\/lesamisdelaferme.be\/wp-content\/uploads\/2023\/06\/halloween.jpg 843w\" sizes=\"auto, (max-width: 659px) 100vw, 659px\" \/><\/figure>\n","protected":false},"excerpt":{"rendered":"<p>A venir: La Guinguette 2024 &#8211; samedi 6 juillet !!!! Voici nos \u00e9v\u00e9nements d\u00e9j\u00e0 r\u00e9alis\u00e9s: P\u00e2ques 2024 &#8211; 30 mars 2024 28 Octobre &#8211; Halloween [&hellip;]<\/p>\n","protected":false},"author":1,"featured_media":0,"parent":0,"menu_order":0,"comment_status":"closed","ping_status":"closed","template":"","meta":{"footnotes":""},"class_list":["post-48","page","type-page","status-publish","hentry"],"_links":{"self":[{"href":"https:\/\/lesamisdelaferme.be\/index.php\/wp-json\/wp\/v2\/pages\/48","targetHints":{"allow":["GET"]}}],"collection":[{"href":"https:\/\/lesamisdelaferme.be\/index.php\/wp-json\/wp\/v2\/pages"}],"about":[{"href":"https:\/\/lesamisdelaferme.be\/index.php\/wp-json\/wp\/v2\/types\/page"}],"author":[{"embeddable":true,"href":"https:\/\/lesamisdelaferme.be\/index.php\/wp-json\/wp\/v2\/users\/1"}],"replies":[{"embeddable":true,"href":"https:\/\/lesamisdelaferme.be\/index.php\/wp-json\/wp\/v2\/comments?post=48"}],"version-history":[{"count":8,"href":"https:\/\/lesamisdelaferme.be\/index.php\/wp-json\/wp\/v2\/pages\/48\/revisions"}],"predecessor-version":[{"id":93,"href":"https:\/\/lesamisdelaferme.be\/index.php\/wp-json\/wp\/v2\/pages\/48\/revisions\/93"}],"wp:attachment":[{"href":"https:\/\/lesamisdelaferme.be\/index.php\/wp-json\/wp\/v2\/media?parent=48"}],"curies":[{"name":"wp","href":"https:\/\/api.w.org\/{rel}","templated":true}]}}